{"id":429,"date":"2020-05-30T13:43:49","date_gmt":"2020-05-30T11:43:49","guid":{"rendered":"https:\/\/werderhaemmert.podcaster.de\/index.php\/podcasts\/werderhaemmert\/"},"modified":"2021-07-20T09:29:27","modified_gmt":"2021-07-20T07:29:27","slug":"werderhaemmert","status":"publish","type":"page","link":"https:\/\/werderhaemmert.podcaster.de\/index.php\/podcasts\/werderhaemmert\/","title":{"rendered":"H\u00f6r mal Werder h\u00e4mmert"},"content":{"rendered":"<p>Der ziemlich okaye Werder-Fancast. Von Aussagen neben dem Platz \u00fcber amateurhafte Taktikanalysen bis hin zum betrunkenen Heimweg aus dem Stadion. Hauptsache Moin, Hauptsache Werder.<\/p>\n","protected":false},"excerpt":{"rendered":"<p>Der ziemlich okaye Werder-Fancast. Von Aussagen neben dem Platz \u00fcber amateurhafte Taktikanalysen bis hin zum betrunkenen Heimweg aus dem Stadion. Hauptsache Moin, Hauptsache Werder.<\/p>\n","protected":false},"author":0,"featured_media":0,"parent":428,"menu_order":0,"comment_status":"closed","ping_status":"closed","template":"podcast.php","meta":{"jetpack_post_was_ever_published":false,"footnotes":""},"class_list":["post-429","page","type-page","status-publish","hentry"],"jetpack_sharing_enabled":true,"jetpack_shortlink":"https:\/\/wp.me\/P9Cfca-6V","jetpack-related-posts":[],"_links":{"self":[{"href":"https:\/\/werderhaemmert.podcaster.de\/index.php\/wp-json\/wp\/v2\/pages\/429","targetHints":{"allow":["GET"]}}],"collection":[{"href":"https:\/\/werderhaemmert.podcaster.de\/index.php\/wp-json\/wp\/v2\/pages"}],"about":[{"href":"https:\/\/werderhaemmert.podcaster.de\/index.php\/wp-json\/wp\/v2\/types\/page"}],"replies":[{"embeddable":true,"href":"https:\/\/werderhaemmert.podcaster.de\/index.php\/wp-json\/wp\/v2\/comments?post=429"}],"version-history":[{"count":1,"href":"https:\/\/werderhaemmert.podcaster.de\/index.php\/wp-json\/wp\/v2\/pages\/429\/revisions"}],"predecessor-version":[{"id":442,"href":"https:\/\/werderhaemmert.podcaster.de\/index.php\/wp-json\/wp\/v2\/pages\/429\/revisions\/442"}],"up":[{"embeddable":true,"href":"https:\/\/werderhaemmert.podcaster.de\/index.php\/wp-json\/wp\/v2\/pages\/428"}],"wp:attachment":[{"href":"https:\/\/werderhaemmert.podcaster.de\/index.php\/wp-json\/wp\/v2\/media?parent=429"}],"curies":[{"name":"wp","href":"https:\/\/api.w.org\/{rel}","templated":true}]}}